{"id":19290,"date":"2022-09-29T07:06:41","date_gmt":"2022-09-29T07:06:41","guid":{"rendered":"http:\/\/localhost:10020\/careers\/"},"modified":"2022-11-09T10:12:53","modified_gmt":"2022-11-09T10:12:53","slug":"recrutement","status":"publish","type":"page","link":"https:\/\/www.eocengineers.com\/fr\/recrutement\/","title":{"rendered":"Recrutement"},"content":{"rendered":"\n<p><strong>Careers<\/strong><br><br>Cultiver la curiosit\u00e9, d\u00e9velopper les exp\u00e9riences et promouvoir la diversit\u00e9 est notre c\u0153ur de m\u00e9tier.<\/p>\n\n\n\n<p class=\"has-small-font-size\">Pour toute candidature spontan\u00e9e, merci de nous faire parvenir CV &amp; lettre de motivation en mentionnant le bureau de votre choix :\u00a0<strong>\u00a0recruitment@eocengineers.com<\/strong><\/p>\n\n\n\n<p class=\"has-small-font-size\">Veuillez trouver ci-dessous nos offres d\u2019emploi.<\/p>\n","protected":false},"excerpt":{"rendered":"<p>Careers Cultiver la curiosit\u00e9, d\u00e9velopper les exp\u00e9riences et promouvoir la diversit\u00e9 est notre c\u0153ur de m\u00e9tier. Pour toute candidature spontan\u00e9e, merci de nous faire parvenir CV &amp; lettre de motivation en mentionnant le bureau de votre choix :\u00a0\u00a0recruitment@eocengineers.com Veuillez trouver ci-dessous nos offres d\u2019emploi.<\/p>\n","protected":false},"author":6,"featured_media":20334,"parent":0,"menu_order":7,"comment_status":"closed","ping_status":"closed","template":"page-careers.blade.php","meta":{"_acf_changed":false,"footnotes":""},"class_list":["post-19290","page","type-page","status-publish","has-post-thumbnail","hentry"],"acf":[],"_links":{"self":[{"href":"https:\/\/www.eocengineers.com\/fr\/wp-json\/wp\/v2\/pages\/19290","targetHints":{"allow":["GET"]}}],"collection":[{"href":"https:\/\/www.eocengineers.com\/fr\/wp-json\/wp\/v2\/pages"}],"about":[{"href":"https:\/\/www.eocengineers.com\/fr\/wp-json\/wp\/v2\/types\/page"}],"author":[{"embeddable":true,"href":"https:\/\/www.eocengineers.com\/fr\/wp-json\/wp\/v2\/users\/6"}],"replies":[{"embeddable":true,"href":"https:\/\/www.eocengineers.com\/fr\/wp-json\/wp\/v2\/comments?post=19290"}],"version-history":[{"count":0,"href":"https:\/\/www.eocengineers.com\/fr\/wp-json\/wp\/v2\/pages\/19290\/revisions"}],"wp:featuredmedia":[{"embeddable":true,"href":"https:\/\/www.eocengineers.com\/fr\/wp-json\/wp\/v2\/media\/20334"}],"wp:attachment":[{"href":"https:\/\/www.eocengineers.com\/fr\/wp-json\/wp\/v2\/media?parent=19290"}],"curies":[{"name":"wp","href":"https:\/\/api.w.org\/{rel}","templated":true}]}}