{"id":19291,"date":"2022-09-28T21:31:03","date_gmt":"2022-09-28T21:31:03","guid":{"rendered":"http:\/\/localhost:10020\/home\/"},"modified":"2022-12-07T10:50:57","modified_gmt":"2022-12-07T10:50:57","slug":"home","status":"publish","type":"page","link":"https:\/\/www.eocengineers.com\/fr\/","title":{"rendered":"Accueil"},"content":{"rendered":"\n<p>Nous sommes une \u00e9quipe d\u2019ing\u00e9nieurs r\u00e9put\u00e9s pour un engagement \u00e0 l\u2019innovation qui nous permet d\u2019offrir des solutions de prestations d&#8217;ing\u00e9nierie intelligent r\u00e9pondant \u00e0 des exigences complexes.<\/p>\n\n\n\n<p><strong>2022 IStructE Award for Transformative Sustainable Design<br>2022 Facade Design and Engineering Award for International Innovation<br>2022 Construction News Workforce Award Net Zero Team of the year<\/strong><\/p>\n","protected":false},"excerpt":{"rendered":"<p>Nous sommes une \u00e9quipe d\u2019ing\u00e9nieurs r\u00e9put\u00e9s pour un engagement \u00e0 l\u2019innovation qui nous permet d\u2019offrir des solutions de prestations d&#8217;ing\u00e9nierie intelligent r\u00e9pondant \u00e0 des exigences complexes. 2022 IStructE Award for Transformative Sustainable Design2022 Facade Design and Engineering Award for International Innovation2022 Construction News Workforce Award Net Zero Team of the year<\/p>\n","protected":false},"author":6,"featured_media":21484,"parent":0,"menu_order":0,"comment_status":"closed","ping_status":"closed","template":"","meta":{"_acf_changed":false,"footnotes":""},"class_list":["post-19291","page","type-page","status-publish","has-post-thumbnail","hentry"],"acf":[],"_links":{"self":[{"href":"https:\/\/www.eocengineers.com\/fr\/wp-json\/wp\/v2\/pages\/19291","targetHints":{"allow":["GET"]}}],"collection":[{"href":"https:\/\/www.eocengineers.com\/fr\/wp-json\/wp\/v2\/pages"}],"about":[{"href":"https:\/\/www.eocengineers.com\/fr\/wp-json\/wp\/v2\/types\/page"}],"author":[{"embeddable":true,"href":"https:\/\/www.eocengineers.com\/fr\/wp-json\/wp\/v2\/users\/6"}],"replies":[{"embeddable":true,"href":"https:\/\/www.eocengineers.com\/fr\/wp-json\/wp\/v2\/comments?post=19291"}],"version-history":[{"count":3,"href":"https:\/\/www.eocengineers.com\/fr\/wp-json\/wp\/v2\/pages\/19291\/revisions"}],"predecessor-version":[{"id":20399,"href":"https:\/\/www.eocengineers.com\/fr\/wp-json\/wp\/v2\/pages\/19291\/revisions\/20399"}],"wp:featuredmedia":[{"embeddable":true,"href":"https:\/\/www.eocengineers.com\/fr\/wp-json\/wp\/v2\/media\/21484"}],"wp:attachment":[{"href":"https:\/\/www.eocengineers.com\/fr\/wp-json\/wp\/v2\/media?parent=19291"}],"curies":[{"name":"wp","href":"https:\/\/api.w.org\/{rel}","templated":true}]}}