{"id":19292,"date":"2022-09-28T18:16:57","date_gmt":"2022-09-28T18:16:57","guid":{"rendered":"http:\/\/localhost:10020\/about-us\/"},"modified":"2022-12-07T10:51:43","modified_gmt":"2022-12-07T10:51:43","slug":"qui-sommes-nous","status":"publish","type":"page","link":"https:\/\/www.eocengineers.com\/fr\/qui-sommes-nous\/","title":{"rendered":"Qui sommes-nous"},"content":{"rendered":"\n<div class=\"wp-block-columns is-layout-flex wp-container-core-columns-is-layout-9d6595d7 wp-block-columns-is-layout-flex\">\n<div class=\"wp-block-column is-layout-flow wp-block-column-is-layout-flow\">\n<p>Brian Eckersley et James O&#8217;Callaghan ont\u00a0 fond\u00e9 Eckersley O&#8217;Callaghan en 2004, avec une vision partag\u00e9e d\u2019une pratique de conception int\u00e8grant v\u00e9ritablement ing\u00e9nierie et architecture.<\/p>\n\n\n\n<p class=\"has-small-font-size\">C\u2019est une vision qui s\u2019est av\u00e9r\u00e9 \u00eatre un succ\u00e8s. Nous collaborons r\u00e9guli\u00e8rement avec les plus grands noms du secteur de l\u2019architecture et de la conception, et nos clients se comptent parmi les grandes entreprises \u00e0 travers le monde.<\/p>\n\n\n\n<p class=\"has-small-font-size\">Notre \u00e9quipe en ing\u00e9nierie structurelle et de fa\u00e7ade a une renomm\u00e9e internationale gr\u00e2ce \u00e0 un engagement dans la recherche et l\u2019innovation. C\u2019est cette renomm\u00e9e qui a stimul\u00e9 notre croissance exceptionnelle, avec plus de 90 professionnels travaillant sur des projets \u00e0 travers le monde.<\/p>\n<\/div>\n\n\n\n<div class=\"wp-block-column is-layout-flow wp-block-column-is-layout-flow\">\n<p class=\"has-small-font-size\">Notre travail embl\u00e9matique en verre structurel nous a valu beaucoup d\u2019\u00e9loges dans l\u2019industrie, notamment la r\u00e9compense supr\u00eame de IStructE pour l\u2019Excellence en ing\u00e9nierie structurelle. En outre, notre utilisation d\u2019autres mat\u00e9riaux en ing\u00e9nierie de construction structurelle et de fa\u00e7ade nous a valu une reconnaissance similaire.<\/p>\n\n\n\n<p class=\"has-small-font-size\"><strong>Eckersley O&#8217;Callaghan a re\u00e7u \u00e0 deux reprises la&nbsp;<\/strong><strong>Queen\u2019s Award for Enterprise; pour Innovation en 2010, et pour le International Trade en 2018.<\/strong><\/p>\n<\/div>\n<\/div>\n","protected":false},"excerpt":{"rendered":"<p>Brian Eckersley et James O&#8217;Callaghan ont\u00a0 fond\u00e9 Eckersley O&#8217;Callaghan en 2004, avec une vision partag\u00e9e d\u2019une pratique de conception int\u00e8grant v\u00e9ritablement ing\u00e9nierie et architecture. C\u2019est une vision qui s\u2019est av\u00e9r\u00e9 \u00eatre un succ\u00e8s. Nous collaborons r\u00e9guli\u00e8rement avec les plus grands noms du secteur de l\u2019architecture et de la conception, et nos clients se comptent parmi &hellip; <a href=\"https:\/\/www.eocengineers.com\/fr\/qui-sommes-nous\/\">Continued<\/a><\/p>\n","protected":false},"author":6,"featured_media":16877,"parent":0,"menu_order":1,"comment_status":"closed","ping_status":"closed","template":"","meta":{"_acf_changed":false,"footnotes":""},"class_list":["post-19292","page","type-page","status-publish","has-post-thumbnail","hentry"],"acf":[],"_links":{"self":[{"href":"https:\/\/www.eocengineers.com\/fr\/wp-json\/wp\/v2\/pages\/19292","targetHints":{"allow":["GET"]}}],"collection":[{"href":"https:\/\/www.eocengineers.com\/fr\/wp-json\/wp\/v2\/pages"}],"about":[{"href":"https:\/\/www.eocengineers.com\/fr\/wp-json\/wp\/v2\/types\/page"}],"author":[{"embeddable":true,"href":"https:\/\/www.eocengineers.com\/fr\/wp-json\/wp\/v2\/users\/6"}],"replies":[{"embeddable":true,"href":"https:\/\/www.eocengineers.com\/fr\/wp-json\/wp\/v2\/comments?post=19292"}],"version-history":[{"count":2,"href":"https:\/\/www.eocengineers.com\/fr\/wp-json\/wp\/v2\/pages\/19292\/revisions"}],"predecessor-version":[{"id":20401,"href":"https:\/\/www.eocengineers.com\/fr\/wp-json\/wp\/v2\/pages\/19292\/revisions\/20401"}],"wp:featuredmedia":[{"embeddable":true,"href":"https:\/\/www.eocengineers.com\/fr\/wp-json\/wp\/v2\/media\/16877"}],"wp:attachment":[{"href":"https:\/\/www.eocengineers.com\/fr\/wp-json\/wp\/v2\/media?parent=19292"}],"curies":[{"name":"wp","href":"https:\/\/api.w.org\/{rel}","templated":true}]}}