{"id":19293,"date":"2022-09-28T18:16:57","date_gmt":"2022-09-28T18:16:57","guid":{"rendered":"http:\/\/localhost:10020\/services\/"},"modified":"2025-12-17T09:31:01","modified_gmt":"2025-12-17T09:31:01","slug":"competences","status":"publish","type":"page","link":"https:\/\/www.eocengineers.com\/fr\/competences\/","title":{"rendered":"Comp\u00e9tences"},"content":{"rendered":"\n<div class=\"wp-block-columns is-layout-flex wp-container-core-columns-is-layout-9d6595d7 wp-block-columns-is-layout-flex\">\n<div class=\"wp-block-column is-layout-flow wp-block-column-is-layout-flow\">\n<p>Notre exp\u00e9rience en ing\u00e9nierie englobe tout mat\u00e9riau, forme, \u00e9tendue et utilisation.<br><\/p>\n\n\n\n<p class=\"has-small-font-size\"><strong><a href=\"https:\/\/www.eocengineers.com\/wo_files\/brochures\/advanced_engineering.pdf\" target=\"_blank\" rel=\"noreferrer noopener\">Advanced Engineering portfolio<br><\/a><a href=\"https:\/\/www.eocengineers.com\/wo_files\/brochures\/practice-profile.pdf\" target=\"_blank\" rel=\"noreferrer noopener\">Practice Profile brochure<br><\/a><a href=\"https:\/\/www.eocengineers.com\/wo_files\/brochures\/heritage-engineering.pdf\" target=\"_blank\" rel=\"noreferrer noopener\">Heritage Engineering brochure<br><\/a><a href=\"https:\/\/www.eocengineers.com\/wo_files\/brochures\/timber-engineering.pdf\" target=\"_blank\" rel=\"noreferrer noopener\">Timber Engineering brochure<br><\/a><a href=\"https:\/\/www.eocengineers.com\/wo_files\/brochures\/education-brochure.pdf\" target=\"_blank\" rel=\"noreferrer noopener\">Education brochure<br><\/a><a href=\"https:\/\/www.eocengineers.com\/wo_files\/brochures\/private-homes.pdf\" target=\"_blank\" rel=\"noreferrer noopener\">Private Homes brochure<\/a><\/strong><br><strong><a href=\"https:\/\/www.eocengineers.com\/wp-content\/uploads\/2025\/12\/2025-Timber_FR_Print-Updated.pdf\" target=\"_blank\" data-type=\"link\" data-id=\"https:\/\/www.eocengineers.com\/wp-content\/uploads\/2024\/09\/2024-Timber_FR_WEB-Lower-Res.pdf\" rel=\"noreferrer noopener\">Bois Ingenierie Structure et Enveloppe<\/a><\/strong><br><strong><a href=\"https:\/\/www.eocengineers.com\/wp-content\/uploads\/2024\/11\/Engagement-pour-lAction-Climatique.pdf\" data-type=\"link\" data-id=\"https:\/\/www.eocengineers.com\/wp-content\/uploads\/2024\/11\/Engagement-pour-lAction-Climatique.pdf\" target=\"_blank\" rel=\"noreferrer noopener\">Engagement pour l&#8217;Action Climatique<\/a><\/strong><\/p>\n<\/div>\n\n\n\n<div class=\"wp-block-column is-layout-flow wp-block-column-is-layout-flow\">\n<p><\/p>\n<\/div>\n<\/div>\n\n\n\n<p><\/p>\n","protected":false},"excerpt":{"rendered":"<p>Notre exp\u00e9rience en ing\u00e9nierie englobe tout mat\u00e9riau, forme, \u00e9tendue et utilisation. Advanced Engineering portfolioPractice Profile brochureHeritage Engineering brochureTimber Engineering brochureEducation brochurePrivate Homes brochureBois Ingenierie Structure et EnveloppeEngagement pour l&#8217;Action Climatique<\/p>\n","protected":false},"author":6,"featured_media":20342,"parent":0,"menu_order":33,"comment_status":"closed","ping_status":"closed","template":"","meta":{"_acf_changed":false,"footnotes":""},"class_list":["post-19293","page","type-page","status-publish","has-post-thumbnail","hentry"],"acf":[],"_links":{"self":[{"href":"https:\/\/www.eocengineers.com\/fr\/wp-json\/wp\/v2\/pages\/19293","targetHints":{"allow":["GET"]}}],"collection":[{"href":"https:\/\/www.eocengineers.com\/fr\/wp-json\/wp\/v2\/pages"}],"about":[{"href":"https:\/\/www.eocengineers.com\/fr\/wp-json\/wp\/v2\/types\/page"}],"author":[{"embeddable":true,"href":"https:\/\/www.eocengineers.com\/fr\/wp-json\/wp\/v2\/users\/6"}],"replies":[{"embeddable":true,"href":"https:\/\/www.eocengineers.com\/fr\/wp-json\/wp\/v2\/comments?post=19293"}],"version-history":[{"count":3,"href":"https:\/\/www.eocengineers.com\/fr\/wp-json\/wp\/v2\/pages\/19293\/revisions"}],"predecessor-version":[{"id":29038,"href":"https:\/\/www.eocengineers.com\/fr\/wp-json\/wp\/v2\/pages\/19293\/revisions\/29038"}],"wp:featuredmedia":[{"embeddable":true,"href":"https:\/\/www.eocengineers.com\/fr\/wp-json\/wp\/v2\/media\/20342"}],"wp:attachment":[{"href":"https:\/\/www.eocengineers.com\/fr\/wp-json\/wp\/v2\/media?parent=19293"}],"curies":[{"name":"wp","href":"https:\/\/api.w.org\/{rel}","templated":true}]}}