{"id":19298,"date":"2022-09-28T18:16:57","date_gmt":"2022-09-28T18:16:57","guid":{"rendered":"http:\/\/localhost:10020\/about-us\/our-team\/"},"modified":"2022-12-07T10:52:56","modified_gmt":"2022-12-07T10:52:56","slug":"notre-equipe","status":"publish","type":"page","link":"https:\/\/www.eocengineers.com\/fr\/qui-sommes-nous\/notre-equipe\/","title":{"rendered":"Notre \u00e9quipe"},"content":{"rendered":"\n<div class=\"wp-block-columns is-layout-flex wp-container-core-columns-is-layout-9d6595d7 wp-block-columns-is-layout-flex\">\n<div class=\"wp-block-column is-layout-flow wp-block-column-is-layout-flow\">\n<p>L\u2019\u00e9quipe dirigeante de Eckersley O&#8217;Callaghan est compos\u00e9e de certains de ses praticiens les plus influents.<\/p>\n\n\n\n<p class=\"has-small-font-size\">Leur expertise est reconnue par des instituts de recherche, des organisateurs de conf\u00e9rences techniques et des comit\u00e9s de conception. Ils sont \u00e0 la t\u00eate d\u2019une \u00e9quipe de concepteurs, d\u2019ing\u00e9nieurs et de techniciens poss\u00e9dant un vaste \u00e9ventail de comp\u00e9tences, et travaillant \u00e0 partir des bureaux de Londres, New York, San Francisco, Paris, Hong Kong et Shanghai.<\/p>\n<\/div>\n\n\n\n<div class=\"wp-block-column is-layout-flow wp-block-column-is-layout-flow\">\n<p class=\"has-small-font-size\">Notre exp\u00e9rience collective et couverture g\u00e9ographique nous offrent la possibilit\u00e9 de r\u00e9aliser les projets les plus complexes et exigeants pour divers \u00e9chelles, budgets et localisations.<\/p>\n<\/div>\n<\/div>\n","protected":false},"excerpt":{"rendered":"<p>L\u2019\u00e9quipe dirigeante de Eckersley O&#8217;Callaghan est compos\u00e9e de certains de ses praticiens les plus influents. Leur expertise est reconnue par des instituts de recherche, des organisateurs de conf\u00e9rences techniques et des comit\u00e9s de conception. Ils sont \u00e0 la t\u00eate d\u2019une \u00e9quipe de concepteurs, d\u2019ing\u00e9nieurs et de techniciens poss\u00e9dant un vaste \u00e9ventail de comp\u00e9tences, et travaillant &hellip; <a href=\"https:\/\/www.eocengineers.com\/fr\/qui-sommes-nous\/notre-equipe\/\">Continued<\/a><\/p>\n","protected":false},"author":6,"featured_media":26416,"parent":19292,"menu_order":2,"comment_status":"closed","ping_status":"closed","template":"page-team.blade.php","meta":{"_acf_changed":false,"footnotes":""},"class_list":["post-19298","page","type-page","status-publish","has-post-thumbnail","hentry"],"acf":[],"_links":{"self":[{"href":"https:\/\/www.eocengineers.com\/fr\/wp-json\/wp\/v2\/pages\/19298","targetHints":{"allow":["GET"]}}],"collection":[{"href":"https:\/\/www.eocengineers.com\/fr\/wp-json\/wp\/v2\/pages"}],"about":[{"href":"https:\/\/www.eocengineers.com\/fr\/wp-json\/wp\/v2\/types\/page"}],"author":[{"embeddable":true,"href":"https:\/\/www.eocengineers.com\/fr\/wp-json\/wp\/v2\/users\/6"}],"replies":[{"embeddable":true,"href":"https:\/\/www.eocengineers.com\/fr\/wp-json\/wp\/v2\/comments?post=19298"}],"version-history":[{"count":2,"href":"https:\/\/www.eocengineers.com\/fr\/wp-json\/wp\/v2\/pages\/19298\/revisions"}],"predecessor-version":[{"id":20403,"href":"https:\/\/www.eocengineers.com\/fr\/wp-json\/wp\/v2\/pages\/19298\/revisions\/20403"}],"up":[{"embeddable":true,"href":"https:\/\/www.eocengineers.com\/fr\/wp-json\/wp\/v2\/pages\/19292"}],"wp:featuredmedia":[{"embeddable":true,"href":"https:\/\/www.eocengineers.com\/fr\/wp-json\/wp\/v2\/media\/26416"}],"wp:attachment":[{"href":"https:\/\/www.eocengineers.com\/fr\/wp-json\/wp\/v2\/media?parent=19298"}],"curies":[{"name":"wp","href":"https:\/\/api.w.org\/{rel}","templated":true}]}}