{"id":19301,"date":"2022-09-28T18:16:57","date_gmt":"2022-09-28T18:16:57","guid":{"rendered":"http:\/\/localhost:10020\/services\/structures\/"},"modified":"2022-12-07T10:58:09","modified_gmt":"2022-12-07T10:58:09","slug":"structures","status":"publish","type":"page","link":"https:\/\/www.eocengineers.com\/fr\/competences\/structures\/","title":{"rendered":"Structures"},"content":{"rendered":"\n<div class=\"wp-block-columns is-layout-flex wp-container-core-columns-is-layout-9d6595d7 wp-block-columns-is-layout-flex\">\n<div class=\"wp-block-column is-layout-flow wp-block-column-is-layout-flow\">\n<p>Notre exp\u00e9rience en ing\u00e9nierie structurelle englobe tout mat\u00e9riau, forme, \u00e9tendue et utilisation.<\/p>\n\n\n\n<p class=\"has-small-font-size\">Nous avons proc\u00e9d\u00e9 \u00e0 la cr\u00e9ation de sculptures dans des lieux publiques, la conception de meilleurs magasins, le r\u00e9am\u00e9nagement et le rev\u00eatement des \u00e9difices \u00e9num\u00e9r\u00e9es, la conception des solutions en infrastructures intelligentes, et l\u2019\u00e9laboration des constructions neuves qui \u00e0 la base sont des r\u00e9sidences priv\u00e9es transform\u00e9es en tours r\u00e9sidentielles.<\/p>\n\n\n\n<p class=\"has-small-font-size\">Nous disposons d\u2019une approche collaborative, \u00e0 la fois au sein de l\u2019\u00e9quipe de conception et avec les entrepreneurs. Nous questionnons toutes options disponibles afin d\u2019identifier les solutions structurelles les plus efficaces, \u00e9conomiques et \u00e9l\u00e9gantes.<\/p>\n<\/div>\n\n\n\n<div class=\"wp-block-column has-small-font-size is-layout-flow wp-block-column-is-layout-flow\">\n<p class=\"has-small-font-size\">Notre \u00e9quipe structurelle est une fusion d\u2019ing\u00e9nieurs analytiques et cr\u00e9atifs, capables de prendre des d\u00e9cisions pragmatiques et concevoir des d\u00e9tails red\u00e9finis. Un fondement solide,&nbsp; architecturalement orient\u00e9 vers un d\u00e9nominateur commun, qui, selon nous, est essentiel pour nos prestations.<\/p>\n\n\n\n<p class=\"has-small-font-size\">Nous pouvons faire dans la conception cr\u00e9ative, du travail selon les ench\u00e8res et offres, ou toute entr\u00e9e par la construction d\u2019un projet. En outre, nous fournissons ou procurons des conseils dans tous les aspects du d\u00e9veloppement de b\u00e2timents, notamment le drainage, la g\u00e9otechnique et les voies express.<\/p>\n<\/div>\n<\/div>\n","protected":false},"excerpt":{"rendered":"<p>Notre exp\u00e9rience en ing\u00e9nierie structurelle englobe tout mat\u00e9riau, forme, \u00e9tendue et utilisation. Nous avons proc\u00e9d\u00e9 \u00e0 la cr\u00e9ation de sculptures dans des lieux publiques, la conception de meilleurs magasins, le r\u00e9am\u00e9nagement et le rev\u00eatement des \u00e9difices \u00e9num\u00e9r\u00e9es, la conception des solutions en infrastructures intelligentes, et l\u2019\u00e9laboration des constructions neuves qui \u00e0 la base sont des &hellip; <a href=\"https:\/\/www.eocengineers.com\/fr\/competences\/structures\/\">Continued<\/a><\/p>\n","protected":false},"author":6,"featured_media":16892,"parent":19293,"menu_order":1,"comment_status":"closed","ping_status":"closed","template":"","meta":{"_acf_changed":false,"footnotes":""},"class_list":["post-19301","page","type-page","status-publish","has-post-thumbnail","hentry"],"acf":[],"_links":{"self":[{"href":"https:\/\/www.eocengineers.com\/fr\/wp-json\/wp\/v2\/pages\/19301","targetHints":{"allow":["GET"]}}],"collection":[{"href":"https:\/\/www.eocengineers.com\/fr\/wp-json\/wp\/v2\/pages"}],"about":[{"href":"https:\/\/www.eocengineers.com\/fr\/wp-json\/wp\/v2\/types\/page"}],"author":[{"embeddable":true,"href":"https:\/\/www.eocengineers.com\/fr\/wp-json\/wp\/v2\/users\/6"}],"replies":[{"embeddable":true,"href":"https:\/\/www.eocengineers.com\/fr\/wp-json\/wp\/v2\/comments?post=19301"}],"version-history":[{"count":2,"href":"https:\/\/www.eocengineers.com\/fr\/wp-json\/wp\/v2\/pages\/19301\/revisions"}],"predecessor-version":[{"id":20410,"href":"https:\/\/www.eocengineers.com\/fr\/wp-json\/wp\/v2\/pages\/19301\/revisions\/20410"}],"up":[{"embeddable":true,"href":"https:\/\/www.eocengineers.com\/fr\/wp-json\/wp\/v2\/pages\/19293"}],"wp:featuredmedia":[{"embeddable":true,"href":"https:\/\/www.eocengineers.com\/fr\/wp-json\/wp\/v2\/media\/16892"}],"wp:attachment":[{"href":"https:\/\/www.eocengineers.com\/fr\/wp-json\/wp\/v2\/media?parent=19301"}],"curies":[{"name":"wp","href":"https:\/\/api.w.org\/{rel}","templated":true}]}}