{"id":19302,"date":"2022-09-28T18:16:57","date_gmt":"2022-09-28T18:16:57","guid":{"rendered":"http:\/\/localhost:10020\/services\/facades\/"},"modified":"2022-12-07T10:59:12","modified_gmt":"2022-12-07T10:59:12","slug":"facades","status":"publish","type":"page","link":"https:\/\/www.eocengineers.com\/fr\/competences\/facades\/","title":{"rendered":"Fa\u00e7ades"},"content":{"rendered":"\n<div class=\"wp-block-columns is-layout-flex wp-container-core-columns-is-layout-9d6595d7 wp-block-columns-is-layout-flex\">\n<div class=\"wp-block-column is-layout-flow wp-block-column-is-layout-flow\">\n<p class=\"has-small-font-size\">Nous offrons une approche de service complet pour les fa\u00e7ades.\u00a0 Les syst\u00e8mes propos\u00e9s peuvent \u00eatres personnalis\u00e9s pour un projet particulier, ou constitu\u00e9s d\u2019un assemble de types et techniques de fa\u00e7ade existants.<\/p>\n\n\n\n<p class=\"has-small-font-size\">Notre service prend en compte la conception compl\u00e8te, l\u2019analyse et les sp\u00e9cifications connexes, qu\u2019elles soient performantes ou prescriptives.<\/p>\n\n\n\n<p class=\"has-small-font-size\">Notre collaboration avec des industries pour l&#8217;am\u00e9lioration de la fabrication nous offre une place de choix.&nbsp; Nous mous assurons que chaque fa\u00e7ade est d\u00e9velopp\u00e9e en mettant un accent particulier sur la technologie de fabrication et le budget, qui &nbsp;sont enti\u00e8rement int\u00e9gr\u00e9s dans &nbsp;toute la conception.<\/p>\n<\/div>\n\n\n\n<div class=\"wp-block-column is-layout-flow wp-block-column-is-layout-flow\">\n<p class=\"has-small-font-size\">L\u2019objectif de la plupart des conceptions de fa\u00e7ade c\u2019est son efficacit\u00e9 \u00e9nerg\u00e9tique. Notre utilisation des logiciels d\u2019analyse de derni\u00e8re g\u00e9n\u00e9ration nous permet de concevoir des enveloppes r\u00e9pondant et allant au-del\u00e0 de cet objectif. Notre investissement R&amp;D est une indication que nous utilisons la technologie de derni\u00e8re g\u00e9n\u00e9ration en mati\u00e8re de rev\u00eatements, et de vision actuelle sur l\u2019efficacit\u00e9 \u00e9nerg\u00e9tique des enveloppes.<\/p>\n\n\n\n<p class=\"has-small-font-size\">L\u2019autre aspect fondamental de la conception durable c\u2019est la revalorisation des b\u00e2timents existants. Nous offrons un service complet des conditions d\u2019\u00e9tude de fa\u00e7ade existante dans lequel sont d\u00e9termin\u00e9s les conditions et ouvrages de protection.<\/p>\n<\/div>\n<\/div>\n","protected":false},"excerpt":{"rendered":"<p>Nous offrons une approche de service complet pour les fa\u00e7ades.\u00a0 Les syst\u00e8mes propos\u00e9s peuvent \u00eatres personnalis\u00e9s pour un projet particulier, ou constitu\u00e9s d\u2019un assemble de types et techniques de fa\u00e7ade existants. Notre service prend en compte la conception compl\u00e8te, l\u2019analyse et les sp\u00e9cifications connexes, qu\u2019elles soient performantes ou prescriptives. Notre collaboration avec des industries pour &hellip; <a href=\"https:\/\/www.eocengineers.com\/fr\/competences\/facades\/\">Continued<\/a><\/p>\n","protected":false},"author":6,"featured_media":16894,"parent":19293,"menu_order":2,"comment_status":"closed","ping_status":"closed","template":"","meta":{"_acf_changed":false,"footnotes":""},"class_list":["post-19302","page","type-page","status-publish","has-post-thumbnail","hentry"],"acf":[],"_links":{"self":[{"href":"https:\/\/www.eocengineers.com\/fr\/wp-json\/wp\/v2\/pages\/19302","targetHints":{"allow":["GET"]}}],"collection":[{"href":"https:\/\/www.eocengineers.com\/fr\/wp-json\/wp\/v2\/pages"}],"about":[{"href":"https:\/\/www.eocengineers.com\/fr\/wp-json\/wp\/v2\/types\/page"}],"author":[{"embeddable":true,"href":"https:\/\/www.eocengineers.com\/fr\/wp-json\/wp\/v2\/users\/6"}],"replies":[{"embeddable":true,"href":"https:\/\/www.eocengineers.com\/fr\/wp-json\/wp\/v2\/comments?post=19302"}],"version-history":[{"count":2,"href":"https:\/\/www.eocengineers.com\/fr\/wp-json\/wp\/v2\/pages\/19302\/revisions"}],"predecessor-version":[{"id":20412,"href":"https:\/\/www.eocengineers.com\/fr\/wp-json\/wp\/v2\/pages\/19302\/revisions\/20412"}],"up":[{"embeddable":true,"href":"https:\/\/www.eocengineers.com\/fr\/wp-json\/wp\/v2\/pages\/19293"}],"wp:featuredmedia":[{"embeddable":true,"href":"https:\/\/www.eocengineers.com\/fr\/wp-json\/wp\/v2\/media\/16894"}],"wp:attachment":[{"href":"https:\/\/www.eocengineers.com\/fr\/wp-json\/wp\/v2\/media?parent=19302"}],"curies":[{"name":"wp","href":"https:\/\/api.w.org\/{rel}","templated":true}]}}