{"id":19303,"date":"2022-09-28T18:16:57","date_gmt":"2022-09-28T18:16:57","guid":{"rendered":"http:\/\/localhost:10020\/services\/glass\/"},"modified":"2022-11-09T09:39:21","modified_gmt":"2022-11-09T09:39:21","slug":"verre","status":"publish","type":"page","link":"https:\/\/www.eocengineers.com\/fr\/competences\/verre\/","title":{"rendered":"Verre"},"content":{"rendered":"\n<div class=\"wp-block-columns is-layout-flex wp-container-core-columns-is-layout-9d6595d7 wp-block-columns-is-layout-flex\">\n<div class=\"wp-block-column is-layout-flow wp-block-column-is-layout-flow\">\n<p>Depuis plus d\u2019une d\u00e9cennie, Eckersley O&#8217;Callaghan impulse le d\u00e9veloppement du verre comme mat\u00e9riel structurel.<\/p>\n\n\n\n<p class=\"has-small-font-size\">Notre syst\u00e8me de test rigoureux, d\u2019analyse disciplin\u00e9e et d\u2019application cr\u00e9ative en verre, sont \u00e0 mettre \u00e0 l\u2019actif de l\u2019\u00e9volution rapide d\u2019\u00e9chelle et forme des structures de verre dans le monde.<\/p>\n\n\n\n<p class=\"has-small-font-size\">Nous avons am\u00e9lior\u00e9 nos comp\u00e9tences techniques dans le but de r\u00e9pondre aux attentes de nos clients, en proc\u00e9dant \u00e0 la r\u00e9duction des joints, l\u2019am\u00e9lioration de la resistance et l\u2019agrandissement des panneaux. Notre qu\u00eate permanente pour une plus grande transparence a r\u00e9volutionn\u00e9 la fabrication du verre, avec pour r\u00e9sultat le d\u00e9veloppement des plus grands panneaux de verre dans le monde, et des plus grandes structures enti\u00e8rement soutenues par le verre.<\/p>\n<\/div>\n\n\n\n<div class=\"wp-block-column is-layout-flow wp-block-column-is-layout-flow\">\n<p class=\"has-small-font-size\">Le verre n\u00e9cessite des analyses structurelles plus rigoureuses et des d\u00e9tails irr\u00e9prochables plus importants que dans aucune autre structure. Notre exp\u00e9rience tir\u00e9e de la recherche et du d\u00e9veloppement des mat\u00e9riaux et logiciels d\u2019applications de l\u2019analyse nous est d\u2019un grand apport.<\/p>\n\n\n\n<p class=\"has-small-font-size\">Notre expertise est particuli\u00e8rement fond\u00e9e sur la qu\u00eate de nouvelles conceptions structurelles du verre selon les exigences des services en charge de la construction d\u2019immeubles dans les diff\u00e9rentes villes. Nous avons \u00e9t\u00e9 convi\u00e9s a prendre part \u00e0 plusieurs comit\u00e9s des normes \u00e0 travers le monde, organis\u00e9s pour le d\u00e9veloppement des codes de pratique universel r\u00e9gissant la conception du verre structurel.<\/p>\n\n\n\n<p class=\"has-small-font-size\"><strong>En 2010, notre travail dans le verre nous a valu la r\u00e9compense Queen\u2019s Award for Enterprise: Innovation.<\/strong><\/p>\n<\/div>\n<\/div>\n","protected":false},"excerpt":{"rendered":"<p>Depuis plus d\u2019une d\u00e9cennie, Eckersley O&#8217;Callaghan impulse le d\u00e9veloppement du verre comme mat\u00e9riel structurel. Notre syst\u00e8me de test rigoureux, d\u2019analyse disciplin\u00e9e et d\u2019application cr\u00e9ative en verre, sont \u00e0 mettre \u00e0 l\u2019actif de l\u2019\u00e9volution rapide d\u2019\u00e9chelle et forme des structures de verre dans le monde. Nous avons am\u00e9lior\u00e9 nos comp\u00e9tences techniques dans le but de r\u00e9pondre &hellip; <a href=\"https:\/\/www.eocengineers.com\/fr\/competences\/verre\/\">Continued<\/a><\/p>\n","protected":false},"author":6,"featured_media":20372,"parent":19293,"menu_order":1,"comment_status":"closed","ping_status":"closed","template":"","meta":{"_acf_changed":false,"footnotes":""},"class_list":["post-19303","page","type-page","status-publish","has-post-thumbnail","hentry"],"acf":[],"_links":{"self":[{"href":"https:\/\/www.eocengineers.com\/fr\/wp-json\/wp\/v2\/pages\/19303","targetHints":{"allow":["GET"]}}],"collection":[{"href":"https:\/\/www.eocengineers.com\/fr\/wp-json\/wp\/v2\/pages"}],"about":[{"href":"https:\/\/www.eocengineers.com\/fr\/wp-json\/wp\/v2\/types\/page"}],"author":[{"embeddable":true,"href":"https:\/\/www.eocengineers.com\/fr\/wp-json\/wp\/v2\/users\/6"}],"replies":[{"embeddable":true,"href":"https:\/\/www.eocengineers.com\/fr\/wp-json\/wp\/v2\/comments?post=19303"}],"version-history":[{"count":0,"href":"https:\/\/www.eocengineers.com\/fr\/wp-json\/wp\/v2\/pages\/19303\/revisions"}],"up":[{"embeddable":true,"href":"https:\/\/www.eocengineers.com\/fr\/wp-json\/wp\/v2\/pages\/19293"}],"wp:featuredmedia":[{"embeddable":true,"href":"https:\/\/www.eocengineers.com\/fr\/wp-json\/wp\/v2\/media\/20372"}],"wp:attachment":[{"href":"https:\/\/www.eocengineers.com\/fr\/wp-json\/wp\/v2\/media?parent=19303"}],"curies":[{"name":"wp","href":"https:\/\/api.w.org\/{rel}","templated":true}]}}