{"id":19304,"date":"2022-09-28T18:16:57","date_gmt":"2022-09-28T18:16:57","guid":{"rendered":"http:\/\/localhost:10020\/locations\/london\/"},"modified":"2022-11-09T09:40:45","modified_gmt":"2022-11-09T09:40:45","slug":"londres","status":"publish","type":"page","link":"https:\/\/www.eocengineers.com\/fr\/implantations\/londres\/","title":{"rendered":"Londres"},"content":{"rendered":"\n<div class=\"wp-block-columns is-layout-flex wp-container-core-columns-is-layout-9d6595d7 wp-block-columns-is-layout-flex\">\n<div class=\"wp-block-column is-layout-flow wp-block-column-is-layout-flow\">\n<p>Le si\u00e8ge social de Eckersley O&#8217;Callaghan se trouve \u00e0 Londres.<\/p>\n\n\n\n<p class=\"has-small-font-size\">Nous travaillons sur des projets au Royaume-Uni et \u00e0 travers le monde. Avec nos 70 employ\u00e9s, il existe une r\u00e9partition \u00e9gale entre ing\u00e9nieurs structurels et ing\u00e9nieurs de fa\u00e7ade, favorisant ainsi un environnement collaboratif pour le partage de nouvelles id\u00e9es entre \u00e9quipes et disciplines.<\/p>\n\n\n\n<p class=\"has-small-font-size\">Ce bureau comporte aussi une \u00e9quipe du personnel de soutien d\u00e9vou\u00e9, assistant nos ing\u00e9nieurs \u00e0 travers le monde.<\/p>\n<\/div>\n\n\n\n<div class=\"wp-block-column is-layout-flow wp-block-column-is-layout-flow\">\n<p><\/p>\n<\/div>\n<\/div>\n","protected":false},"excerpt":{"rendered":"<p>Le si\u00e8ge social de Eckersley O&#8217;Callaghan se trouve \u00e0 Londres. Nous travaillons sur des projets au Royaume-Uni et \u00e0 travers le monde. Avec nos 70 employ\u00e9s, il existe une r\u00e9partition \u00e9gale entre ing\u00e9nieurs structurels et ing\u00e9nieurs de fa\u00e7ade, favorisant ainsi un environnement collaboratif pour le partage de nouvelles id\u00e9es entre \u00e9quipes et disciplines. Ce bureau &hellip; <a href=\"https:\/\/www.eocengineers.com\/fr\/implantations\/londres\/\">Continued<\/a><\/p>\n","protected":false},"author":6,"featured_media":20344,"parent":19294,"menu_order":1,"comment_status":"closed","ping_status":"closed","template":"","meta":{"_acf_changed":false,"footnotes":""},"class_list":["post-19304","page","type-page","status-publish","has-post-thumbnail","hentry"],"acf":[],"_links":{"self":[{"href":"https:\/\/www.eocengineers.com\/fr\/wp-json\/wp\/v2\/pages\/19304","targetHints":{"allow":["GET"]}}],"collection":[{"href":"https:\/\/www.eocengineers.com\/fr\/wp-json\/wp\/v2\/pages"}],"about":[{"href":"https:\/\/www.eocengineers.com\/fr\/wp-json\/wp\/v2\/types\/page"}],"author":[{"embeddable":true,"href":"https:\/\/www.eocengineers.com\/fr\/wp-json\/wp\/v2\/users\/6"}],"replies":[{"embeddable":true,"href":"https:\/\/www.eocengineers.com\/fr\/wp-json\/wp\/v2\/comments?post=19304"}],"version-history":[{"count":1,"href":"https:\/\/www.eocengineers.com\/fr\/wp-json\/wp\/v2\/pages\/19304\/revisions"}],"predecessor-version":[{"id":28115,"href":"https:\/\/www.eocengineers.com\/fr\/wp-json\/wp\/v2\/pages\/19304\/revisions\/28115"}],"up":[{"embeddable":true,"href":"https:\/\/www.eocengineers.com\/fr\/wp-json\/wp\/v2\/pages\/19294"}],"wp:featuredmedia":[{"embeddable":true,"href":"https:\/\/www.eocengineers.com\/fr\/wp-json\/wp\/v2\/media\/20344"}],"wp:attachment":[{"href":"https:\/\/www.eocengineers.com\/fr\/wp-json\/wp\/v2\/media?parent=19304"}],"curies":[{"name":"wp","href":"https:\/\/api.w.org\/{rel}","templated":true}]}}