{"id":19306,"date":"2022-09-28T18:16:57","date_gmt":"2022-09-28T18:16:57","guid":{"rendered":"http:\/\/localhost:10020\/locations\/paris\/"},"modified":"2025-01-21T16:38:01","modified_gmt":"2025-01-21T16:38:01","slug":"paris","status":"publish","type":"page","link":"https:\/\/www.eocengineers.com\/fr\/implantations\/paris\/","title":{"rendered":"Paris"},"content":{"rendered":"\n<div class=\"wp-block-columns is-layout-flex wp-container-core-columns-is-layout-9d6595d7 wp-block-columns-is-layout-flex\">\n<div class=\"wp-block-column is-layout-flow wp-block-column-is-layout-flow\">\n<p>Le bureau Eckersley O&#8217;Callaghan de Paris a \u00e9t\u00e9 cr\u00e9\u00e9 en 2009 pour apporter du soutien aux d\u00e9veloppeurs, architectes et concepteurs fran\u00e7ais, ainsi qu\u2019aux entrepreneurs sp\u00e9cialis\u00e9s pour des travaux en France et \u00e0 travers le monde.<\/p>\n\n\n\n<p class=\"has-small-font-size\">Nous travaillons sur des projets depuis le stade de conception \u00e0 la r\u00e9alisation de tout type de b\u00e2timents, fa\u00e7ades et installations artistiques en tant qu\u2019ing\u00e9nierie structurelle et de fa\u00e7ade.<\/p>\n<\/div>\n\n\n\n<div class=\"wp-block-column is-layout-flow wp-block-column-is-layout-flow\">\n<p class=\"has-small-font-size\">Nous sommes soucieux de cr\u00e9er des ouvrages \u00e9cologiques, \u00e9conomiques et \u00e9l\u00e9gants. Eckersley O\u2019Callaghan SARL, notre agence fran\u00e7aise, offre un service cr\u00e9atif de haute qualit\u00e9 pour la conception de b\u00e2timents complexes, d\u2019\u00e9tudes sp\u00e9cialis\u00e9es pour les fa\u00e7ades et structures en France et en Europe.<\/p>\n<\/div>\n<\/div>\n","protected":false},"excerpt":{"rendered":"<p>Le bureau Eckersley O&#8217;Callaghan de Paris a \u00e9t\u00e9 cr\u00e9\u00e9 en 2009 pour apporter du soutien aux d\u00e9veloppeurs, architectes et concepteurs fran\u00e7ais, ainsi qu\u2019aux entrepreneurs sp\u00e9cialis\u00e9s pour des travaux en France et \u00e0 travers le monde. Nous travaillons sur des projets depuis le stade de conception \u00e0 la r\u00e9alisation de tout type de b\u00e2timents, fa\u00e7ades et &hellip; <a href=\"https:\/\/www.eocengineers.com\/fr\/implantations\/paris\/\">Continued<\/a><\/p>\n","protected":false},"author":6,"featured_media":16902,"parent":19294,"menu_order":3,"comment_status":"closed","ping_status":"closed","template":"","meta":{"_acf_changed":false,"footnotes":""},"class_list":["post-19306","page","type-page","status-publish","has-post-thumbnail","hentry"],"acf":[],"_links":{"self":[{"href":"https:\/\/www.eocengineers.com\/fr\/wp-json\/wp\/v2\/pages\/19306","targetHints":{"allow":["GET"]}}],"collection":[{"href":"https:\/\/www.eocengineers.com\/fr\/wp-json\/wp\/v2\/pages"}],"about":[{"href":"https:\/\/www.eocengineers.com\/fr\/wp-json\/wp\/v2\/types\/page"}],"author":[{"embeddable":true,"href":"https:\/\/www.eocengineers.com\/fr\/wp-json\/wp\/v2\/users\/6"}],"replies":[{"embeddable":true,"href":"https:\/\/www.eocengineers.com\/fr\/wp-json\/wp\/v2\/comments?post=19306"}],"version-history":[{"count":2,"href":"https:\/\/www.eocengineers.com\/fr\/wp-json\/wp\/v2\/pages\/19306\/revisions"}],"predecessor-version":[{"id":25907,"href":"https:\/\/www.eocengineers.com\/fr\/wp-json\/wp\/v2\/pages\/19306\/revisions\/25907"}],"up":[{"embeddable":true,"href":"https:\/\/www.eocengineers.com\/fr\/wp-json\/wp\/v2\/pages\/19294"}],"wp:featuredmedia":[{"embeddable":true,"href":"https:\/\/www.eocengineers.com\/fr\/wp-json\/wp\/v2\/media\/16902"}],"wp:attachment":[{"href":"https:\/\/www.eocengineers.com\/fr\/wp-json\/wp\/v2\/media?parent=19306"}],"curies":[{"name":"wp","href":"https:\/\/api.w.org\/{rel}","templated":true}]}}