{"id":19307,"date":"2022-09-28T18:16:57","date_gmt":"2022-09-28T18:16:57","guid":{"rendered":"http:\/\/localhost:10020\/locations\/new-york\/"},"modified":"2022-11-09T09:42:20","modified_gmt":"2022-11-09T09:42:20","slug":"new-york","status":"publish","type":"page","link":"https:\/\/www.eocengineers.com\/fr\/implantations\/new-york\/","title":{"rendered":"New York"},"content":{"rendered":"\n<div class=\"wp-block-columns is-layout-flex wp-container-core-columns-is-layout-9d6595d7 wp-block-columns-is-layout-flex\">\n<div class=\"wp-block-column is-layout-flow wp-block-column-is-layout-flow\">\n<p>Depuis son lancement en 2011, le bureau de New York s&#8217;est focalis\u00e9 sur plusieurs collaborations avec des architectes et entrepreneurs du monde entier.<\/p>\n\n\n\n<p class=\"has-small-font-size\">Notre \u00e9quipe d\u2019ing\u00e9nieurs et architectes bas\u00e9e \u00e0 New York&nbsp; poss\u00e8de une vaste exp\u00e9rience en mati\u00e8re de performance architecturale, structurelle, de fa\u00e7ade et thermique des composantes environnementales du site en construction.<\/p>\n<\/div>\n\n\n\n<div class=\"wp-block-column is-layout-flow wp-block-column-is-layout-flow\">\n<p class=\"has-small-font-size\">Nous poss\u00e9dons une tr\u00e8s grande exp\u00e9rience en typologies de projet, notamment pour structures avanc\u00e9es, rideaux m\u00e9talliques de grande hauteur, vitrines, escaliers, verres structurels, structures tendues, mat\u00e9riaux \u00e9mergents, mobiliers urbains et int\u00e9rieurs.<\/p>\n\n\n\n<p class=\"has-small-font-size\">Notre bureau continue d\u2019adopter la premi\u00e8re d\u00e9marche principale des techniques avanc\u00e9es \u00e0 la r\u00e9solution des probl\u00e8mes. Ceci nous permet de nous assurer que nos clients re\u00e7oivent un service de haute qualit\u00e9 et une meilleure solution pour leur projet.<\/p>\n<\/div>\n<\/div>\n","protected":false},"excerpt":{"rendered":"<p>Depuis son lancement en 2011, le bureau de New York s&#8217;est focalis\u00e9 sur plusieurs collaborations avec des architectes et entrepreneurs du monde entier. Notre \u00e9quipe d\u2019ing\u00e9nieurs et architectes bas\u00e9e \u00e0 New York&nbsp; poss\u00e8de une vaste exp\u00e9rience en mati\u00e8re de performance architecturale, structurelle, de fa\u00e7ade et thermique des composantes environnementales du site en construction. Nous poss\u00e9dons &hellip; <a href=\"https:\/\/www.eocengineers.com\/fr\/implantations\/new-york\/\">Continued<\/a><\/p>\n","protected":false},"author":6,"featured_media":16904,"parent":19294,"menu_order":5,"comment_status":"closed","ping_status":"closed","template":"","meta":{"_acf_changed":false,"footnotes":""},"class_list":["post-19307","page","type-page","status-publish","has-post-thumbnail","hentry"],"acf":[],"_links":{"self":[{"href":"https:\/\/www.eocengineers.com\/fr\/wp-json\/wp\/v2\/pages\/19307","targetHints":{"allow":["GET"]}}],"collection":[{"href":"https:\/\/www.eocengineers.com\/fr\/wp-json\/wp\/v2\/pages"}],"about":[{"href":"https:\/\/www.eocengineers.com\/fr\/wp-json\/wp\/v2\/types\/page"}],"author":[{"embeddable":true,"href":"https:\/\/www.eocengineers.com\/fr\/wp-json\/wp\/v2\/users\/6"}],"replies":[{"embeddable":true,"href":"https:\/\/www.eocengineers.com\/fr\/wp-json\/wp\/v2\/comments?post=19307"}],"version-history":[{"count":0,"href":"https:\/\/www.eocengineers.com\/fr\/wp-json\/wp\/v2\/pages\/19307\/revisions"}],"up":[{"embeddable":true,"href":"https:\/\/www.eocengineers.com\/fr\/wp-json\/wp\/v2\/pages\/19294"}],"wp:featuredmedia":[{"embeddable":true,"href":"https:\/\/www.eocengineers.com\/fr\/wp-json\/wp\/v2\/media\/16904"}],"wp:attachment":[{"href":"https:\/\/www.eocengineers.com\/fr\/wp-json\/wp\/v2\/media?parent=19307"}],"curies":[{"name":"wp","href":"https:\/\/api.w.org\/{rel}","templated":true}]}}