{"id":19308,"date":"2022-09-28T18:16:57","date_gmt":"2022-09-28T18:16:57","guid":{"rendered":"http:\/\/localhost:10020\/locations\/los-angeles\/"},"modified":"2022-11-09T09:42:39","modified_gmt":"2022-11-09T09:42:39","slug":"los-angeles","status":"publish","type":"page","link":"https:\/\/www.eocengineers.com\/fr\/implantations\/los-angeles\/","title":{"rendered":"Los Angeles"},"content":{"rendered":"\n<div class=\"wp-block-columns is-layout-flex wp-container-core-columns-is-layout-9d6595d7 wp-block-columns-is-layout-flex\">\n<div class=\"wp-block-column is-layout-flow wp-block-column-is-layout-flow\">\n<p>Le nouveau bureau de Los Angeles s\u2019appuiera sur les capacit\u00e9s du bureau florissant de San Francisco et se concentrera sur les services de conseil en mati\u00e8re de fa\u00e7ades pour un large \u00e9ventail de projets.<\/p>\n\n\n\n<p class=\"has-small-font-size\">Il s\u2019agit notamment de projets r\u00e9sidentiels et culturels exigeants sur le plan structurel, de b\u00e2timents commerciaux et de fa\u00e7ades haute performance, avec une attention particuli\u00e8re port\u00e9e \u00e0 l\u2019analyse de l\u2019\u00e9nergie et de l\u2019ombrage. Se poursuivront \u00e9galement les travaux de R&amp;D li\u00e9s aux mat\u00e9riaux et \u00e0 la technologie, en collaboration avec l\u2019\u00e9quipe de San Francisco.<\/p>\n<\/div>\n\n\n\n<div class=\"wp-block-column is-layout-flow wp-block-column-is-layout-flow\">\n<p><\/p>\n<\/div>\n<\/div>\n","protected":false},"excerpt":{"rendered":"<p>Le nouveau bureau de Los Angeles s\u2019appuiera sur les capacit\u00e9s du bureau florissant de San Francisco et se concentrera sur les services de conseil en mati\u00e8re de fa\u00e7ades pour un large \u00e9ventail de projets. Il s\u2019agit notamment de projets r\u00e9sidentiels et culturels exigeants sur le plan structurel, de b\u00e2timents commerciaux et de fa\u00e7ades haute performance, &hellip; <a href=\"https:\/\/www.eocengineers.com\/fr\/implantations\/los-angeles\/\">Continued<\/a><\/p>\n","protected":false},"author":6,"featured_media":16906,"parent":19294,"menu_order":6,"comment_status":"closed","ping_status":"closed","template":"","meta":{"_acf_changed":false,"footnotes":""},"class_list":["post-19308","page","type-page","status-publish","has-post-thumbnail","hentry"],"acf":[],"_links":{"self":[{"href":"https:\/\/www.eocengineers.com\/fr\/wp-json\/wp\/v2\/pages\/19308","targetHints":{"allow":["GET"]}}],"collection":[{"href":"https:\/\/www.eocengineers.com\/fr\/wp-json\/wp\/v2\/pages"}],"about":[{"href":"https:\/\/www.eocengineers.com\/fr\/wp-json\/wp\/v2\/types\/page"}],"author":[{"embeddable":true,"href":"https:\/\/www.eocengineers.com\/fr\/wp-json\/wp\/v2\/users\/6"}],"replies":[{"embeddable":true,"href":"https:\/\/www.eocengineers.com\/fr\/wp-json\/wp\/v2\/comments?post=19308"}],"version-history":[{"count":0,"href":"https:\/\/www.eocengineers.com\/fr\/wp-json\/wp\/v2\/pages\/19308\/revisions"}],"up":[{"embeddable":true,"href":"https:\/\/www.eocengineers.com\/fr\/wp-json\/wp\/v2\/pages\/19294"}],"wp:featuredmedia":[{"embeddable":true,"href":"https:\/\/www.eocengineers.com\/fr\/wp-json\/wp\/v2\/media\/16906"}],"wp:attachment":[{"href":"https:\/\/www.eocengineers.com\/fr\/wp-json\/wp\/v2\/media?parent=19308"}],"curies":[{"name":"wp","href":"https:\/\/api.w.org\/{rel}","templated":true}]}}