{"id":19309,"date":"2022-09-28T18:16:57","date_gmt":"2022-09-28T18:16:57","guid":{"rendered":"http:\/\/localhost:10020\/locations\/san-francisco\/"},"modified":"2022-11-09T09:43:37","modified_gmt":"2022-11-09T09:43:37","slug":"san-francisco","status":"publish","type":"page","link":"https:\/\/www.eocengineers.com\/fr\/implantations\/san-francisco\/","title":{"rendered":"San Francisco"},"content":{"rendered":"\n<div class=\"wp-block-columns is-layout-flex wp-container-core-columns-is-layout-9d6595d7 wp-block-columns-is-layout-flex\">\n<div class=\"wp-block-column is-layout-flow wp-block-column-is-layout-flow\">\n<p>Chez Eckersley O\u2019Callaghan (EOC), nous collaborons avec des clients et des collaborateurs de la c\u00f4te ouest des \u00c9tats-Unis depuis la fondation de notre soci\u00e9t\u00e9. En nous appuyant sur ces relations, nous avons ouvert un bureau \u00e0 San Francisco en 2015.<\/p>\n\n\n\n<p class=\"has-small-font-size\">Notre travail \u00e0 San Francisco va de projets r\u00e9sidentiels et culturels \u00e0 la structure complexe \u00e0 des installations sp\u00e9cialis\u00e9es et sophistiqu\u00e9es, en passant par des b\u00e2timents commerciaux, des fa\u00e7ades ultra performantes et des structures en verre structurel ou temporaires.<\/p>\n<\/div>\n\n\n\n<div class=\"wp-block-column is-layout-flow wp-block-column-is-layout-flow\">\n<p class=\"has-small-font-size\">Nos clients de San Francisco ont toujours partag\u00e9 notre ambition de repousser les limites de ce qu&#8217;il est possible de r\u00e9aliser dans le secteur. C\u2019est pourquoi une grande partie du travail de recherche et de d\u00e9veloppement d\u2019EOC se fait au bureau de San Francisco.<\/p>\n\n\n\n<p class=\"has-small-font-size\">Notre \u00e9quipe multidisciplinaire partage un \u00e9tat d\u2019esprit professionnel bas\u00e9 sur la curiosit\u00e9, l\u2019excellence technique et une attention particuli\u00e8re port\u00e9e \u00e0 la conception. Nous entretenons d\u2019\u00e9troites relations avec des fabricants et des installateurs pour nous assurer que nos conceptions les plus novatrices peuvent \u00eatre r\u00e9alis\u00e9es.<\/p>\n<\/div>\n<\/div>\n","protected":false},"excerpt":{"rendered":"<p>Chez Eckersley O\u2019Callaghan (EOC), nous collaborons avec des clients et des collaborateurs de la c\u00f4te ouest des \u00c9tats-Unis depuis la fondation de notre soci\u00e9t\u00e9. En nous appuyant sur ces relations, nous avons ouvert un bureau \u00e0 San Francisco en 2015. Notre travail \u00e0 San Francisco va de projets r\u00e9sidentiels et culturels \u00e0 la structure complexe &hellip; <a href=\"https:\/\/www.eocengineers.com\/fr\/implantations\/san-francisco\/\">Continued<\/a><\/p>\n","protected":false},"author":6,"featured_media":16908,"parent":19294,"menu_order":7,"comment_status":"closed","ping_status":"closed","template":"","meta":{"_acf_changed":false,"footnotes":""},"class_list":["post-19309","page","type-page","status-publish","has-post-thumbnail","hentry"],"acf":[],"_links":{"self":[{"href":"https:\/\/www.eocengineers.com\/fr\/wp-json\/wp\/v2\/pages\/19309","targetHints":{"allow":["GET"]}}],"collection":[{"href":"https:\/\/www.eocengineers.com\/fr\/wp-json\/wp\/v2\/pages"}],"about":[{"href":"https:\/\/www.eocengineers.com\/fr\/wp-json\/wp\/v2\/types\/page"}],"author":[{"embeddable":true,"href":"https:\/\/www.eocengineers.com\/fr\/wp-json\/wp\/v2\/users\/6"}],"replies":[{"embeddable":true,"href":"https:\/\/www.eocengineers.com\/fr\/wp-json\/wp\/v2\/comments?post=19309"}],"version-history":[{"count":0,"href":"https:\/\/www.eocengineers.com\/fr\/wp-json\/wp\/v2\/pages\/19309\/revisions"}],"up":[{"embeddable":true,"href":"https:\/\/www.eocengineers.com\/fr\/wp-json\/wp\/v2\/pages\/19294"}],"wp:featuredmedia":[{"embeddable":true,"href":"https:\/\/www.eocengineers.com\/fr\/wp-json\/wp\/v2\/media\/16908"}],"wp:attachment":[{"href":"https:\/\/www.eocengineers.com\/fr\/wp-json\/wp\/v2\/media?parent=19309"}],"curies":[{"name":"wp","href":"https:\/\/api.w.org\/{rel}","templated":true}]}}