{"id":19311,"date":"2022-09-28T18:16:57","date_gmt":"2022-09-28T18:16:57","guid":{"rendered":"http:\/\/localhost:10020\/locations\/shanghai\/"},"modified":"2022-11-09T09:43:53","modified_gmt":"2022-11-09T09:43:53","slug":"shanghai","status":"publish","type":"page","link":"https:\/\/www.eocengineers.com\/fr\/implantations\/shanghai\/","title":{"rendered":"Shanghai"},"content":{"rendered":"\n<div class=\"wp-block-columns is-layout-flex wp-container-core-columns-is-layout-9d6595d7 wp-block-columns-is-layout-flex\">\n<div class=\"wp-block-column is-layout-flow wp-block-column-is-layout-flow\">\n<p>Durant la derni\u00e8re d\u00e9cennie, Eckersley O&#8217;Callaghan a r\u00e9alis\u00e9 de grands projets remarquables en b\u00e2timents en Chine \u00e0 travers notre bureau situ\u00e9 \u00e0 Shanghai.<\/p>\n\n\n\n<p class=\"has-small-font-size\">Notre expertise et exp\u00e9rience internationale offrent aux clients des solutions d\u2019ing\u00e9nierie de classe mondiale red\u00e9finies comme points de r\u00e9f\u00e9rence du march\u00e9 local.<\/p>\n<\/div>\n\n\n\n<div class=\"wp-block-column is-layout-flow wp-block-column-is-layout-flow\">\n<p><\/p>\n<\/div>\n<\/div>\n","protected":false},"excerpt":{"rendered":"<p>Durant la derni\u00e8re d\u00e9cennie, Eckersley O&#8217;Callaghan a r\u00e9alis\u00e9 de grands projets remarquables en b\u00e2timents en Chine \u00e0 travers notre bureau situ\u00e9 \u00e0 Shanghai. Notre expertise et exp\u00e9rience internationale offrent aux clients des solutions d\u2019ing\u00e9nierie de classe mondiale red\u00e9finies comme points de r\u00e9f\u00e9rence du march\u00e9 local.<\/p>\n","protected":false},"author":6,"featured_media":16914,"parent":19294,"menu_order":9,"comment_status":"closed","ping_status":"closed","template":"","meta":{"_acf_changed":false,"footnotes":""},"class_list":["post-19311","page","type-page","status-publish","has-post-thumbnail","hentry"],"acf":[],"_links":{"self":[{"href":"https:\/\/www.eocengineers.com\/fr\/wp-json\/wp\/v2\/pages\/19311","targetHints":{"allow":["GET"]}}],"collection":[{"href":"https:\/\/www.eocengineers.com\/fr\/wp-json\/wp\/v2\/pages"}],"about":[{"href":"https:\/\/www.eocengineers.com\/fr\/wp-json\/wp\/v2\/types\/page"}],"author":[{"embeddable":true,"href":"https:\/\/www.eocengineers.com\/fr\/wp-json\/wp\/v2\/users\/6"}],"replies":[{"embeddable":true,"href":"https:\/\/www.eocengineers.com\/fr\/wp-json\/wp\/v2\/comments?post=19311"}],"version-history":[{"count":0,"href":"https:\/\/www.eocengineers.com\/fr\/wp-json\/wp\/v2\/pages\/19311\/revisions"}],"up":[{"embeddable":true,"href":"https:\/\/www.eocengineers.com\/fr\/wp-json\/wp\/v2\/pages\/19294"}],"wp:featuredmedia":[{"embeddable":true,"href":"https:\/\/www.eocengineers.com\/fr\/wp-json\/wp\/v2\/media\/16914"}],"wp:attachment":[{"href":"https:\/\/www.eocengineers.com\/fr\/wp-json\/wp\/v2\/media?parent=19311"}],"curies":[{"name":"wp","href":"https:\/\/api.w.org\/{rel}","templated":true}]}}