{"id":19312,"date":"2022-09-28T18:16:57","date_gmt":"2022-09-28T18:16:57","guid":{"rendered":"http:\/\/localhost:10020\/locations\/sydney\/"},"modified":"2024-01-02T16:54:35","modified_gmt":"2024-01-02T16:54:35","slug":"sydney","status":"publish","type":"page","link":"https:\/\/www.eocengineers.com\/fr\/implantations\/sydney\/","title":{"rendered":"Sydney"},"content":{"rendered":"\n<div class=\"wp-block-columns is-layout-flex wp-container-core-columns-is-layout-9d6595d7 wp-block-columns-is-layout-flex\">\n<div class=\"wp-block-column is-layout-flow wp-block-column-is-layout-flow\">\n<p>Nous nous engageons \u00e0 investir dans la croissance de notre nouveau bureau, qui s&#8217;est construit sur notre succ\u00e8s dans la r\u00e9gion pour \u00e9tendre nos services et opportunit\u00e9s au-del\u00e0 de Sydney et \u00e0 travers l&#8217;Australie.<\/p>\n\n\n\n<p class=\"has-small-font-size\">La cr\u00e9ation de notre bureau australien fait suite \u00e0 la participation du cabinet \u00e0 la conception de la tour hybride en bois la plus haute du monde, Atlassian Central \u00e0 Sydney, un projet \u00e0 la pointe de nos efforts en mati\u00e8re de durabilit\u00e9. Le projet vise \u00e0 r\u00e9duire de 50 % les \u00e9missions de carbone incorpor\u00e9es, \u00e0 consommer 50 % d&#8217;\u00e9nergie en moins par rapport \u00e0 un b\u00e2timent conventionnellement exploit\u00e9, et fonctionnera \u00e0 100 % avec des \u00e9nergies renouvelables d\u00e8s le premier jour.<\/p>\n\n\n\n<p class=\"has-small-font-size\">Avec la construction d&#8217;Atlassian juste autour du coin de notre bureau en expansion \u00e0 Surry Hills, Sydney, nous sommes enthousiastes \u00e0 l&#8217;id\u00e9e de voir ce projet devenir r\u00e9alit\u00e9 tout en d\u00e9veloppant un solide pipeline de projets diversifi\u00e9s \u00e0 travers toute l&#8217;Australie. Cela comprend l&#8217;extension de la piste cyclable menant au pont du port de Sydney, la construction d&#8217;un laboratoire universitaire, d&#8217;une nouvelle tour commerciale pour le centre-ville de Brisbane, des logements r\u00e9sidentiels multiples et individuels, des sculptures de parc public, des installations sportives et un pavillon.<\/p>\n<\/div>\n\n\n\n<div class=\"wp-block-column is-layout-flow wp-block-column-is-layout-flow\">\n<p class=\"has-small-font-size\">Notre approche holistique combine la conception structurale et de fa\u00e7ade pour cr\u00e9er des designs techniquement r\u00e9solus et \u00e9conomiques pour les projets. L&#8217;engagement avec l&#8217;architecture et l&#8217;industrie sous-tend notre utilisation novatrice de mat\u00e9riaux et notre approche en mati\u00e8re de conception, tandis que notre focus sur des solutions efficaces et durables est au c\u0153ur de la mani\u00e8re dont nous livrons des projets r\u00e9ussis.<\/p>\n\n\n\n<p class=\"has-small-font-size\">\u00c0 la t\u00eate de notre bureau de Sydney se trouve <strong><a href=\"https:\/\/www.eocengineers.com\/fr\/about-us\/our-team\/tom-donald\/\" data-type=\"team\" data-id=\"19565\">Tom Donald<\/a><\/strong>. En tant qu&#8217;architecte et ing\u00e9nieur qualifi\u00e9, Tom apporte une approche int\u00e9gr\u00e9e \u00e0 la conception d&#8217;ing\u00e9nierie avec l&#8217;expertise technique n\u00e9cessaire pour la r\u00e9alisation de projets modernes complexes. <strong><a href=\"https:\/\/www.eocengineers.com\/fr\/about-us\/our-team\/marley-meemeduma\/\" data-type=\"team\" data-id=\"19531\">Marley Meemeduma<\/a><\/strong> dirige notre discipline d&#8217;ing\u00e9nierie structurale au sein du bureau et poss\u00e8de une exp\u00e9rience dans le travail du b\u00e9ton, de l&#8217;acier, du bois, du CLT et du bois massif, ainsi que dans la conception patrimoniale.<\/p>\n<\/div>\n<\/div>\n","protected":false},"excerpt":{"rendered":"<p>Nous nous engageons \u00e0 investir dans la croissance de notre nouveau bureau, qui s&#8217;est construit sur notre succ\u00e8s dans la r\u00e9gion pour \u00e9tendre nos services et opportunit\u00e9s au-del\u00e0 de Sydney et \u00e0 travers l&#8217;Australie. La cr\u00e9ation de notre bureau australien fait suite \u00e0 la participation du cabinet \u00e0 la conception de la tour hybride en &hellip; <a href=\"https:\/\/www.eocengineers.com\/fr\/implantations\/sydney\/\">Continued<\/a><\/p>\n","protected":false},"author":6,"featured_media":16917,"parent":19294,"menu_order":10,"comment_status":"closed","ping_status":"closed","template":"","meta":{"_acf_changed":false,"footnotes":""},"class_list":["post-19312","page","type-page","status-publish","has-post-thumbnail","hentry"],"acf":[],"_links":{"self":[{"href":"https:\/\/www.eocengineers.com\/fr\/wp-json\/wp\/v2\/pages\/19312","targetHints":{"allow":["GET"]}}],"collection":[{"href":"https:\/\/www.eocengineers.com\/fr\/wp-json\/wp\/v2\/pages"}],"about":[{"href":"https:\/\/www.eocengineers.com\/fr\/wp-json\/wp\/v2\/types\/page"}],"author":[{"embeddable":true,"href":"https:\/\/www.eocengineers.com\/fr\/wp-json\/wp\/v2\/users\/6"}],"replies":[{"embeddable":true,"href":"https:\/\/www.eocengineers.com\/fr\/wp-json\/wp\/v2\/comments?post=19312"}],"version-history":[{"count":1,"href":"https:\/\/www.eocengineers.com\/fr\/wp-json\/wp\/v2\/pages\/19312\/revisions"}],"predecessor-version":[{"id":22624,"href":"https:\/\/www.eocengineers.com\/fr\/wp-json\/wp\/v2\/pages\/19312\/revisions\/22624"}],"up":[{"embeddable":true,"href":"https:\/\/www.eocengineers.com\/fr\/wp-json\/wp\/v2\/pages\/19294"}],"wp:featuredmedia":[{"embeddable":true,"href":"https:\/\/www.eocengineers.com\/fr\/wp-json\/wp\/v2\/media\/16917"}],"wp:attachment":[{"href":"https:\/\/www.eocengineers.com\/fr\/wp-json\/wp\/v2\/media?parent=19312"}],"curies":[{"name":"wp","href":"https:\/\/api.w.org\/{rel}","templated":true}]}}