{"id":19704,"date":"2022-11-11T12:35:30","date_gmt":"2022-11-11T12:35:30","guid":{"rendered":"https:\/\/eoc.stagingserver.link\/?page_id=19704"},"modified":"2024-10-24T08:51:21","modified_gmt":"2024-10-24T08:51:21","slug":"milan","status":"publish","type":"page","link":"https:\/\/www.eocengineers.com\/fr\/implantations\/milan\/","title":{"rendered":"Milan"},"content":{"rendered":"\n<div class=\"wp-block-columns is-layout-flex wp-container-core-columns-is-layout-9d6595d7 wp-block-columns-is-layout-flex\">\n<div class=\"wp-block-column is-layout-flow wp-block-column-is-layout-flow\">\n<p>Eckersley O\u2019Callaghan a renforc\u00e9 sa pr\u00e9sence en Europe avec l&#8217;ouverture d&#8217;un bureau \u00e0 Milan, en Italie.<\/p>\n\n\n\n<p class=\"has-small-font-size\">Le bureau de Milan, ouvert en 2022, dessert le march\u00e9 local dynamique et le sud de l&#8217;Europe. Il est g\u00e9r\u00e9 par <a href=\"https:\/\/www.eocengineers.com\/fr\/about-us\/our-team\/alessandro-baldini\/\" data-type=\"link\" data-id=\"https:\/\/www.eocengineers.com\/fr\/about-us\/our-team\/alessandro-baldini\/\"><strong>Alessandro Baldini<\/strong><\/a>, directeur associ\u00e9, membre de l&#8217;Ordre italien des ing\u00e9nieurs.<\/p>\n<\/div>\n\n\n\n<div class=\"wp-block-column is-layout-flow wp-block-column-is-layout-flow\">\n<p class=\"has-small-font-size\">Alessandro a \u00e9t\u00e9 \u00e9duqu\u00e9 en Italie, a travaill\u00e9 localement \u00e0 Milan et \u00e0 Rome, et poss\u00e8de une vaste exp\u00e9rience en ing\u00e9nierie de fa\u00e7ade sur des projets du monde entier tout en travaillant au bureau londonien d&#8217;Eckersley O&#8217;Callaghan.<\/p>\n\n\n\n<p class=\"has-small-font-size\">Le bureau de Milan fournira l&#8217;ensemble des services d&#8217;Eckersley O&#8217;Callaghan en ing\u00e9nierie de fa\u00e7ade et de structure, mettant l&#8217;accent sur la conception durable et l&#8217;utilisation innovante des mat\u00e9riaux.<br><br><strong><a href=\"https:\/\/www.eocengineers.com\/wp-content\/uploads\/2024\/10\/Italy-Southern-Europe-Practice-Profile.pdf\" target=\"_blank\" data-type=\"link\" data-id=\"https:\/\/www.eocengineers.com\/wp-content\/uploads\/2024\/10\/Italy-Southern-Europe-Practice-Profile.pdf\" rel=\"noreferrer noopener\">Profil de la pratique de Milan<\/a><\/strong><\/p>\n<\/div>\n<\/div>\n","protected":false},"excerpt":{"rendered":"<p>Eckersley O\u2019Callaghan a renforc\u00e9 sa pr\u00e9sence en Europe avec l&#8217;ouverture d&#8217;un bureau \u00e0 Milan, en Italie. Le bureau de Milan, ouvert en 2022, dessert le march\u00e9 local dynamique et le sud de l&#8217;Europe. Il est g\u00e9r\u00e9 par Alessandro Baldini, directeur associ\u00e9, membre de l&#8217;Ordre italien des ing\u00e9nieurs. Alessandro a \u00e9t\u00e9 \u00e9duqu\u00e9 en Italie, a travaill\u00e9 &hellip; <a href=\"https:\/\/www.eocengineers.com\/fr\/implantations\/milan\/\">Continued<\/a><\/p>\n","protected":false},"author":6,"featured_media":20302,"parent":19294,"menu_order":4,"comment_status":"closed","ping_status":"closed","template":"","meta":{"_acf_changed":false,"footnotes":""},"class_list":["post-19704","page","type-page","status-publish","has-post-thumbnail","hentry"],"acf":[],"_links":{"self":[{"href":"https:\/\/www.eocengineers.com\/fr\/wp-json\/wp\/v2\/pages\/19704","targetHints":{"allow":["GET"]}}],"collection":[{"href":"https:\/\/www.eocengineers.com\/fr\/wp-json\/wp\/v2\/pages"}],"about":[{"href":"https:\/\/www.eocengineers.com\/fr\/wp-json\/wp\/v2\/types\/page"}],"author":[{"embeddable":true,"href":"https:\/\/www.eocengineers.com\/fr\/wp-json\/wp\/v2\/users\/6"}],"replies":[{"embeddable":true,"href":"https:\/\/www.eocengineers.com\/fr\/wp-json\/wp\/v2\/comments?post=19704"}],"version-history":[{"count":3,"href":"https:\/\/www.eocengineers.com\/fr\/wp-json\/wp\/v2\/pages\/19704\/revisions"}],"predecessor-version":[{"id":25415,"href":"https:\/\/www.eocengineers.com\/fr\/wp-json\/wp\/v2\/pages\/19704\/revisions\/25415"}],"up":[{"embeddable":true,"href":"https:\/\/www.eocengineers.com\/fr\/wp-json\/wp\/v2\/pages\/19294"}],"wp:featuredmedia":[{"embeddable":true,"href":"https:\/\/www.eocengineers.com\/fr\/wp-json\/wp\/v2\/media\/20302"}],"wp:attachment":[{"href":"https:\/\/www.eocengineers.com\/fr\/wp-json\/wp\/v2\/media?parent=19704"}],"curies":[{"name":"wp","href":"https:\/\/api.w.org\/{rel}","templated":true}]}}