{"id":24907,"date":"2024-01-08T15:42:21","date_gmt":"2024-01-08T15:42:21","guid":{"rendered":"https:\/\/www.eocengineers.com\/competences\/facade-access-and-maintenance-engineering\/"},"modified":"2024-07-31T10:08:43","modified_gmt":"2024-07-31T10:08:43","slug":"acces-et-entretien-de-la-facade","status":"publish","type":"page","link":"https:\/\/www.eocengineers.com\/fr\/competences\/acces-et-entretien-de-la-facade\/","title":{"rendered":"Acc\u00e8s et Entretien de la Fa\u00e7ade"},"content":{"rendered":"\n<div class=\"wp-block-columns is-layout-flex wp-container-core-columns-is-layout-9d6595d7 wp-block-columns-is-layout-flex\">\n<div class=\"wp-block-column is-layout-flow wp-block-column-is-layout-flow\">\n<p class=\"has-medium-font-size\">Nos strat\u00e9gies sp\u00e9cialis\u00e9es d&#8217;acc\u00e8s et d&#8217;entretien des fa\u00e7ades garantissent des inspections s\u00fbres et efficaces, ainsi que le nettoyage et la modernisation durable des enveloppes de b\u00e2timents.<\/p>\n\n\n\n<p class=\"has-small-font-size\">Une enveloppe de b\u00e2timent bien entretenue est essentielle pour conserver la valeur de l&#8217;actif et \u00e9viter des r\u00e9parations co\u00fbteuses tant pour le b\u00e2timent que pour la fa\u00e7ade.<br><br>Notre \u00e9quipe interne d&#8217;acc\u00e8s et d&#8217;entretien des fa\u00e7ades travaille en collaboration avec nos ing\u00e9nieurs sp\u00e9cialis\u00e9s en fa\u00e7ades pour \u00e9laborer des strat\u00e9gies d&#8217;acc\u00e8s aux fa\u00e7ades et des proc\u00e9dures de maintenance planifi\u00e9es qui compl\u00e8tent notre service d&#8217;inspection diagnostique des fa\u00e7ades. Nous nous sp\u00e9cialisons dans la fourniture de solutions sur mesure pour relever les d\u00e9fis de conception uniques, et nous avons l&#8217;expertise n\u00e9cessaire pour am\u00e9liorer l&#8217;accessibilit\u00e9, la s\u00e9curit\u00e9 et l&#8217;efficacit\u00e9 des op\u00e9rations de maintenance futures.<\/p>\n<\/div>\n\n\n\n<div class=\"wp-block-column is-layout-flow wp-block-column-is-layout-flow\">\n<p class=\"has-small-font-size\">La prise en compte anticip\u00e9e des strat\u00e9gies d&#8217;acc\u00e8s aux fa\u00e7ades est essentielle pour la r\u00e9ussite d&#8217;un projet, permettant une coordination approfondie et la pr\u00e9vention des probl\u00e8mes d&#8217;accessibilit\u00e9 potentiels. Reporter la consid\u00e9ration de l&#8217;acc\u00e8s aux fa\u00e7ades aux derni\u00e8res \u00e9tapes de la conception des b\u00e2timents peut entra\u00eener des retards de projet, des modifications de conception et des solutions sous-optimales, ce qui augmente les co\u00fbts de construction et de maintenance continue.<br><br>La s\u00e9curit\u00e9 est primordiale et notre \u00e9quipe r\u00e9alise des \u00e9valuations de risques approfondies pour assurer la sant\u00e9 et la s\u00e9curit\u00e9 des op\u00e9rateurs de maintenance des b\u00e2timents, y compris des examens de s\u00e9curit\u00e9 en hauteur conformes aux r\u00e9glementations locales.<br><br>La durabilit\u00e9 est une partie cruciale de notre r\u00f4le d&#8217;acc\u00e8s et d&#8217;entretien des fa\u00e7ades ; un entretien efficace du parc immobilier existant minimise finalement le besoin de nouvelles constructions et les \u00e9missions de carbone associ\u00e9es. Nous prenons \u00e9galement en compte la circularit\u00e9 dans la construction et l&#8217;entretien des enveloppes de b\u00e2timents, en comprenant comment chaque composant peut \u00eatre maintenu et remplac\u00e9 \u00e0 l&#8217;avenir.<\/p>\n<\/div>\n<\/div>\n","protected":false},"excerpt":{"rendered":"<p>Nos strat\u00e9gies sp\u00e9cialis\u00e9es d&#8217;acc\u00e8s et d&#8217;entretien des fa\u00e7ades garantissent des inspections s\u00fbres et efficaces, ainsi que le nettoyage et la modernisation durable des enveloppes de b\u00e2timents. Une enveloppe de b\u00e2timent bien entretenue est essentielle pour conserver la valeur de l&#8217;actif et \u00e9viter des r\u00e9parations co\u00fbteuses tant pour le b\u00e2timent que pour la fa\u00e7ade. Notre \u00e9quipe &hellip; <a href=\"https:\/\/www.eocengineers.com\/fr\/competences\/acces-et-entretien-de-la-facade\/\">Continued<\/a><\/p>\n","protected":false},"author":43,"featured_media":22912,"parent":19293,"menu_order":3,"comment_status":"closed","ping_status":"closed","template":"","meta":{"_acf_changed":false,"footnotes":""},"class_list":["post-24907","page","type-page","status-publish","has-post-thumbnail","hentry"],"acf":[],"_links":{"self":[{"href":"https:\/\/www.eocengineers.com\/fr\/wp-json\/wp\/v2\/pages\/24907","targetHints":{"allow":["GET"]}}],"collection":[{"href":"https:\/\/www.eocengineers.com\/fr\/wp-json\/wp\/v2\/pages"}],"about":[{"href":"https:\/\/www.eocengineers.com\/fr\/wp-json\/wp\/v2\/types\/page"}],"author":[{"embeddable":true,"href":"https:\/\/www.eocengineers.com\/fr\/wp-json\/wp\/v2\/users\/43"}],"replies":[{"embeddable":true,"href":"https:\/\/www.eocengineers.com\/fr\/wp-json\/wp\/v2\/comments?post=24907"}],"version-history":[{"count":4,"href":"https:\/\/www.eocengineers.com\/fr\/wp-json\/wp\/v2\/pages\/24907\/revisions"}],"predecessor-version":[{"id":24916,"href":"https:\/\/www.eocengineers.com\/fr\/wp-json\/wp\/v2\/pages\/24907\/revisions\/24916"}],"up":[{"embeddable":true,"href":"https:\/\/www.eocengineers.com\/fr\/wp-json\/wp\/v2\/pages\/19293"}],"wp:featuredmedia":[{"embeddable":true,"href":"https:\/\/www.eocengineers.com\/fr\/wp-json\/wp\/v2\/media\/22912"}],"wp:attachment":[{"href":"https:\/\/www.eocengineers.com\/fr\/wp-json\/wp\/v2\/media?parent=24907"}],"curies":[{"name":"wp","href":"https:\/\/api.w.org\/{rel}","templated":true}]}}