{"id":24909,"date":"2024-06-20T14:06:32","date_gmt":"2024-06-20T14:06:32","guid":{"rendered":"https:\/\/www.eocengineers.com\/competences\/civil-engineering\/"},"modified":"2024-07-31T10:09:33","modified_gmt":"2024-07-31T10:09:33","slug":"civil-engineering","status":"publish","type":"page","link":"https:\/\/www.eocengineers.com\/fr\/competences\/civil-engineering\/","title":{"rendered":"Civils"},"content":{"rendered":"\n<div class=\"wp-block-columns is-layout-flex wp-container-core-columns-is-layout-9d6595d7 wp-block-columns-is-layout-flex\">\n<div class=\"wp-block-column is-layout-flow wp-block-column-is-layout-flow\" style=\"flex-basis:50%\">\n<p>Nous fournissons des solutions de drainage durable (SuDS) et des \u00e9valuations des risques d&#8217;inondation, en conformit\u00e9 avec les politiques nationales et locales actuelles.<\/p>\n\n\n\n<p class=\"has-small-font-size\">Au nom de nos clients, nous interagissons avec les autorit\u00e9s statutaires et non statutaires, y compris l&#8217;Agence de l&#8217;environnement, les principales autorit\u00e9s locales en mati\u00e8re d&#8217;inondation et les exploitants locaux de r\u00e9seaux d&#8217;\u00e9gouts, pour obtenir les autorisations n\u00e9cessaires et garantir la conformit\u00e9 avec les derni\u00e8res r\u00e9glementations.<\/p>\n<\/div>\n\n\n\n<div class=\"wp-block-column is-layout-flow wp-block-column-is-layout-flow\" style=\"flex-basis:50%\">\n<p class=\"has-small-font-size\">Pour lutter contre le changement climatique, nos conceptions int\u00e8grent la r\u00e9silience aux pr\u00e9cipitations accrues et \u00e0 la mont\u00e9e du niveau de la mer tout en garantissant la constructibilit\u00e9 et la rentabilit\u00e9 pour le client. Nous offrons des services pour soutenir les demandes de planification, les conceptions d\u00e9taill\u00e9es pour la lev\u00e9e des conditions de planification et la construction. <br><br>Notre expertise en m\u00e9canique des fluides nous permet de contester les autorit\u00e9s en mati\u00e8re d&#8217;inondation lorsque cela est n\u00e9cessaire, plut\u00f4t que de nous fier uniquement aux cartes d&#8217;inondation publi\u00e9es.<\/p>\n<\/div>\n<\/div>\n","protected":false},"excerpt":{"rendered":"<p>Nous fournissons des solutions de drainage durable (SuDS) et des \u00e9valuations des risques d&#8217;inondation, en conformit\u00e9 avec les politiques nationales et locales actuelles. Au nom de nos clients, nous interagissons avec les autorit\u00e9s statutaires et non statutaires, y compris l&#8217;Agence de l&#8217;environnement, les principales autorit\u00e9s locales en mati\u00e8re d&#8217;inondation et les exploitants locaux de r\u00e9seaux &hellip; <a href=\"https:\/\/www.eocengineers.com\/fr\/competences\/civil-engineering\/\">Continued<\/a><\/p>\n","protected":false},"author":6,"featured_media":24935,"parent":19293,"menu_order":4,"comment_status":"closed","ping_status":"closed","template":"","meta":{"_acf_changed":false,"footnotes":""},"class_list":["post-24909","page","type-page","status-publish","has-post-thumbnail","hentry"],"acf":[],"_links":{"self":[{"href":"https:\/\/www.eocengineers.com\/fr\/wp-json\/wp\/v2\/pages\/24909","targetHints":{"allow":["GET"]}}],"collection":[{"href":"https:\/\/www.eocengineers.com\/fr\/wp-json\/wp\/v2\/pages"}],"about":[{"href":"https:\/\/www.eocengineers.com\/fr\/wp-json\/wp\/v2\/types\/page"}],"author":[{"embeddable":true,"href":"https:\/\/www.eocengineers.com\/fr\/wp-json\/wp\/v2\/users\/6"}],"replies":[{"embeddable":true,"href":"https:\/\/www.eocengineers.com\/fr\/wp-json\/wp\/v2\/comments?post=24909"}],"version-history":[{"count":3,"href":"https:\/\/www.eocengineers.com\/fr\/wp-json\/wp\/v2\/pages\/24909\/revisions"}],"predecessor-version":[{"id":24917,"href":"https:\/\/www.eocengineers.com\/fr\/wp-json\/wp\/v2\/pages\/24909\/revisions\/24917"}],"up":[{"embeddable":true,"href":"https:\/\/www.eocengineers.com\/fr\/wp-json\/wp\/v2\/pages\/19293"}],"wp:featuredmedia":[{"embeddable":true,"href":"https:\/\/www.eocengineers.com\/fr\/wp-json\/wp\/v2\/media\/24935"}],"wp:attachment":[{"href":"https:\/\/www.eocengineers.com\/fr\/wp-json\/wp\/v2\/media?parent=24909"}],"curies":[{"name":"wp","href":"https:\/\/api.w.org\/{rel}","templated":true}]}}